{"id":3347,"date":"2025-04-09T16:10:25","date_gmt":"2025-04-09T14:10:25","guid":{"rendered":"http:\/\/su-kyoung-yu.de\/?page_id=3347"},"modified":"2025-04-09T16:19:26","modified_gmt":"2025-04-09T14:19:26","slug":"projekte","status":"publish","type":"page","link":"https:\/\/su-kyoung-yu.de\/?page_id=3347","title":{"rendered":"Projekte"},"content":{"rendered":"\n<h3 class=\"wp-block-heading has-text-align-left\">Mein gesellschaftliches Engagement<\/h3>\n\n\n\n<p>Mir ist es wichtig, Kunst als Raum f\u00fcr Austausch und gemeinsame Reflexion zu gestalten. Mit meiner k\u00fcnstlerischen Erfahrung konnte ich im Laufe der Zeit kleine Beitr\u00e4ge in Bereichen wie Bildungsarbeit, nachhaltige Initiativen, Frauenbewegung und politische Programme zur Erinnerungskultur leisten. Einige Projekte, die ich begleiten oder kuratieren durfte, sowie F\u00fchrungen, die ich angeboten habe, wurden in der Presse erw\u00e4hnt. Eine Auswahl finden Sie hier:<\/p>\n\n\n\n<ul>\n<li><a href=\"https:\/\/www.fnp.de\/lokales\/wetteraukreis\/aspekte-der-wertschaetzung-93481196.htm\" target=\"_blank\" rel=\"noopener\" title=\"\">&#8222;Hot Stuff &#8211; Aspekt der Wertsch\u00e4tzung&#8220;<\/a> 20.12.2024<\/li>\n\n\n\n<li><a href=\"https:\/\/www.fnp.de\/lokales\/wetteraukreis\/friedberg\/beitrag-sie-sichtbarer-zu-machen-92879899.htm\" target=\"_blank\" rel=\"noopener\" title=\"\">&#8222;Friedberger Frauen sehenswert&#8220;<\/a> 07.03.2024<\/li>\n\n\n\n<li><a href=\"https:\/\/wetteraukreis.de\/vielfalt\/ikw-2023\/respekt-braucht-platz\" target=\"_blank\" rel=\"noopener\" title=\"\">&#8222;Respekt braucht Platz &#8211; Kunstaktion gegen Rassismus und f\u00fcr Toleranz&#8220;<\/a> 06.10.2023<\/li>\n\n\n\n<li><a href=\"https:\/\/www.fnp.de\/lokales\/wetteraukreis\/friedberg\/sehenswerte-friedberger-frauen-92502519.html\" target=\"_blank\" rel=\"noopener\" title=\"\">&#8222;Sehenswerte Friedberger Frauen&#8220;<\/a> 05.9.2023<\/li>\n\n\n\n<li><a href=\"https:\/\/www.fnp.de\/lokales\/wetteraukreis\/friedberg\/sehenswerte-frauen-92488988.htm\" target=\"_blank\" rel=\"noopener\" title=\"\">&#8222;Sehenswerte Frauen&#8220;<\/a> 28.08.2023<\/li>\n\n\n\n<li>&#8222;<a href=\"https:\/\/www.fnp.de\/lokales\/wetteraukreis\/100-jahre-antifa-ausstellung-in-friedberg-92332926.htm\" target=\"_blank\" rel=\"noopener\" title=\"\">Antifa-Bi zeigt Schau \u00fcber 100 Jahre Widerstand&#8220;<\/a> 13.06.2023<\/li>\n\n\n\n<li><a href=\"https:\/\/www.wetterauer-zeitung.de\/wetterau\/friedberg-ort28695\/erinnerungen-deutsche-teilung-12915051.html\" target=\"_blank\" rel=\"noopener\" title=\"\">&#8222;GRENZENlos &#8211; Erinnerung an die deutsche Teilung&#8220;<\/a> 14.08.2019<\/li>\n<\/ul>\n\n\n\n<p>2020 fand au\u00dferdem die Aktion <strong>Wir und Jetzt<\/strong> statt, die sich w\u00e4hrend der Pandemie mit deren gesellschaftlichen Folgen auseinander gesetzt hat und <a href=\"http:\/\/su-kyoung-yu.de\/?page_id=3119\">hier<\/a> n\u00e4her vorgestellt wird.<\/p>\n","protected":false},"excerpt":{"rendered":"<p>Mein gesellschaftliches Engagement Mir ist es wichtig, Kunst als Raum f\u00fcr Austausch und gemeinsame Reflexion zu gestalten. Mit meiner k\u00fcnstlerischen Erfahrung konnte ich im Laufe der Zeit kleine Beitr\u00e4ge in Bereichen wie Bildungsarbeit, nachhaltige Initiativen, Frauenbewegung und politische Programme zur Erinnerungskultur leisten. Einige Projekte, die ich begleiten oder kuratieren durfte, &#8230;<\/p>\n","protected":false},"author":1,"featured_media":0,"parent":0,"menu_order":3,"comment_status":"closed","ping_status":"closed","template":"","meta":[],"aioseo_notices":[],"_links":{"self":[{"href":"https:\/\/su-kyoung-yu.de\/index.php?rest_route=\/wp\/v2\/pages\/3347"}],"collection":[{"href":"https:\/\/su-kyoung-yu.de\/index.php?rest_route=\/wp\/v2\/pages"}],"about":[{"href":"https:\/\/su-kyoung-yu.de\/index.php?rest_route=\/wp\/v2\/types\/page"}],"author":[{"embeddable":true,"href":"https:\/\/su-kyoung-yu.de\/index.php?rest_route=\/wp\/v2\/users\/1"}],"replies":[{"embeddable":true,"href":"https:\/\/su-kyoung-yu.de\/index.php?rest_route=%2Fwp%2Fv2%2Fcomments&post=3347"}],"version-history":[{"count":7,"href":"https:\/\/su-kyoung-yu.de\/index.php?rest_route=\/wp\/v2\/pages\/3347\/revisions"}],"predecessor-version":[{"id":3361,"href":"https:\/\/su-kyoung-yu.de\/index.php?rest_route=\/wp\/v2\/pages\/3347\/revisions\/3361"}],"wp:attachment":[{"href":"https:\/\/su-kyoung-yu.de\/index.php?rest_route=%2Fwp%2Fv2%2Fmedia&parent=3347"}],"curies":[{"name":"wp","href":"https:\/\/api.w.org\/{rel}","templated":true}]}}