{"id":2034,"date":"2016-06-30T12:45:11","date_gmt":"2016-06-30T10:45:11","guid":{"rendered":"http:\/\/www.sp-studio.de\/test\/?page_id=2034"},"modified":"2022-06-07T11:04:23","modified_gmt":"2022-06-07T09:04:23","slug":"atelier-yu-friedberg","status":"publish","type":"page","link":"https:\/\/su-kyoung-yu.de\/?page_id=2034","title":{"rendered":"Atelier"},"content":{"rendered":"<figure id=\"attachment_2314\" aria-describedby=\"caption-attachment-2314\" style=\"width: 210px\" class=\"wp-caption alignright\"><a href=\"http:\/\/su-kyoung-yu.de\/wp-content\/uploads\/atelier_zeitungsartikel1neu.jpg\"><img decoding=\"async\" loading=\"lazy\" class=\"size-medium wp-image-2314\" src=\"http:\/\/su-kyoung-yu.de\/wp-content\/uploads\/atelier_zeitungsartikel1neu-210x155.jpg\" alt=\"Zeitungsartikel\" width=\"210\" height=\"155\" srcset=\"https:\/\/su-kyoung-yu.de\/wp-content\/uploads\/atelier_zeitungsartikel1neu-210x155.jpg 210w, https:\/\/su-kyoung-yu.de\/wp-content\/uploads\/atelier_zeitungsartikel1neu-768x569.jpg 768w, https:\/\/su-kyoung-yu.de\/wp-content\/uploads\/atelier_zeitungsartikel1neu-800x592.jpg 800w, https:\/\/su-kyoung-yu.de\/wp-content\/uploads\/atelier_zeitungsartikel1neu-700x518.jpg 700w, https:\/\/su-kyoung-yu.de\/wp-content\/uploads\/atelier_zeitungsartikel1neu-332x246.jpg 332w, https:\/\/su-kyoung-yu.de\/wp-content\/uploads\/atelier_zeitungsartikel1neu.jpg 1024w\" sizes=\"(max-width: 210px) 100vw, 210px\" \/><\/a><figcaption id=\"caption-attachment-2314\" class=\"wp-caption-text\"><em>Artikel der Frankfurter Rundschau<\/em><\/figcaption><\/figure>\n<p>Im Atelier in der Kaiserstra\u00dfe 103 in Friedberg finden unterschiedliche Kurse statt. Neben der F\u00f6rderung begabter Jugendlicher liegt der Schwerpunkt auf Mappenvorbereitungskursen f\u00fcr Studieng\u00e4nge der Bildenden K\u00fcnste \/ Visuellen Kommunikation und auf Malkursen f\u00fcr Erwachsene mit wechselnden Themen. Die Kursthemen werden in der Regel individuell auf die Gruppen abgestimmt. Themenbeispiele fr\u00fcherer Kurse sind unter der Rubrik <a href=\"http:\/\/su-kyoung-yu.de\/texte\/\">Texte<\/a> zu finden. Welche Materialien ben\u00f6tigt werden, besprechen wir am Anfang der Kurse. Ein Kurs findet statt, wenn die erforderliche Teilnehmerzahl erreicht wird. Eine Buchung als Einzelkurs ist jedoch ebenfalls m\u00f6glich.<\/p>\n<p>Schriftliche Anmeldung an <a href=\"&#x6d;&#x61;&#x69;&#x6c;&#x74;&#x6f;&#x3a;&#107;&#111;&#110;&#116;&#97;kt&#64;s&#x75;&#x2d;&#x6b;&#x79;&#x6f;&#x75;&#x6e;&#x67;&#45;&#121;&#117;&#46;&#100;e\">&#x6b;&#111;n&#x74;&#x61;&#107;t&#x40;&#115;u&#x2d;&#x6b;&#121;o&#x75;&#110;g&#x2d;&#x79;&#117;&#46;&#x64;&#x65;<\/a> erforderlich.<br \/>\nIch freue mich auf Ihre Nachricht und Sie erhalten zeitnah eine Antwort.<\/p>\n<p>&nbsp;<\/p>\n<h2 style=\"text-align: center;\">Aktuelles Kursangebot<\/h2>\n<h3>Malkurse f\u00fcr Jugendliche ab 12 Jahren<\/h3>\n<p><strong>Kursinhalt:<\/strong> Thema &#8222;make your story&#8220;, zeichnen und aquarellieren<\/p>\n<h3>Kunst in der Oberstufe<\/h3>\n<p><strong>Kursinhalt:<\/strong> In diesem Kurs wird Dir die M\u00f6glichkeit gegeben, Ideen zu entwickeln und bei den \u00dcberlegungen zur Realisierung nicht nur an ein Medium zu denken. Wir werden unterschiedliche Malweisen (monochrom, surrealistisch,&#8230;) und Fotocollagen ausprobieren. Das Ziel ist, inhaltliche Zusammenh\u00e4nge darzustellen, die eigene Wahrnehmung zu sensibilisieren, Erfahrungen und Erkenntnisse zu dokumentieren, individuelle Einblicke in innere und \u00e4u\u00dfere Lebenswelten zu erhalten und bildnerisch zu vermitteln.<\/p>\n<h3>Mappenvorbereitungskurse<\/h3>\n<p>Ich unterst\u00fctze Dich bei den Vorbereitungen f\u00fcr Studieng\u00e4nge wie Bildende Kunst, Illustration, B\u00fchnen-, Kost\u00fcmbild, Kunsttherapie oder Visuelle Kommunikation. Vor dem Beginn des Kurses finden Einzelgespr\u00e4che statt, um individuell auf die Teilnehmer einzugehen und die Termine zu planen. Begleitet wird der Kurs bei Bedarf von der Dozentin Janina Himmen (digitales Design, Layout, Arbeit mit Photoshop, etc.).<\/p>\n<p><strong>Kursinhalt:<\/strong><\/p>\n<ol>\n<li>Orientierungshilfen: um eine klare Ausgangsbasis bei der individuellen Gestaltung einer eigenen Mappe zu schaffen<\/li>\n<li>K\u00fcnstlerische Entstehungsprozesse: eigene Ideen und Visionen entwickeln, Arbeitsmittel und Ausdrucksformen erlernen, Umgang mit Materialien und verschiedenen Techniken<\/li>\n<\/ol>\n<h3>Kurse f\u00fcr alle, die in ihrer Freizeit gerne malen<\/h3>\n<p>Es gibt unterschiedliche Angebote, Sie k\u00f6nnen gerne anfragen.<\/p>\n","protected":false},"excerpt":{"rendered":"<p>Im Atelier in der Kaiserstra\u00dfe 103 in Friedberg finden unterschiedliche Kurse statt. Neben der F\u00f6rderung begabter Jugendlicher liegt der Schwerpunkt auf Mappenvorbereitungskursen f\u00fcr Studieng\u00e4nge der Bildenden K\u00fcnste \/ Visuellen Kommunikation und auf Malkursen f\u00fcr Erwachsene mit wechselnden Themen. Die Kursthemen werden in der Regel individuell auf die Gruppen abgestimmt. Themenbeispiele &#8230;<\/p>\n","protected":false},"author":1,"featured_media":0,"parent":0,"menu_order":6,"comment_status":"closed","ping_status":"closed","template":"","meta":[],"aioseo_notices":[],"_links":{"self":[{"href":"https:\/\/su-kyoung-yu.de\/index.php?rest_route=\/wp\/v2\/pages\/2034"}],"collection":[{"href":"https:\/\/su-kyoung-yu.de\/index.php?rest_route=\/wp\/v2\/pages"}],"about":[{"href":"https:\/\/su-kyoung-yu.de\/index.php?rest_route=\/wp\/v2\/types\/page"}],"author":[{"embeddable":true,"href":"https:\/\/su-kyoung-yu.de\/index.php?rest_route=\/wp\/v2\/users\/1"}],"replies":[{"embeddable":true,"href":"https:\/\/su-kyoung-yu.de\/index.php?rest_route=%2Fwp%2Fv2%2Fcomments&post=2034"}],"version-history":[{"count":38,"href":"https:\/\/su-kyoung-yu.de\/index.php?rest_route=\/wp\/v2\/pages\/2034\/revisions"}],"predecessor-version":[{"id":2401,"href":"https:\/\/su-kyoung-yu.de\/index.php?rest_route=\/wp\/v2\/pages\/2034\/revisions\/2401"}],"wp:attachment":[{"href":"https:\/\/su-kyoung-yu.de\/index.php?rest_route=%2Fwp%2Fv2%2Fmedia&parent=2034"}],"curies":[{"name":"wp","href":"https:\/\/api.w.org\/{rel}","templated":true}]}}