{"id":2333,"date":"2017-05-08T15:20:07","date_gmt":"2017-05-08T13:20:07","guid":{"rendered":"http:\/\/su-kyoung-yu.de\/?page_id=2333"},"modified":"2017-05-08T15:21:52","modified_gmt":"2017-05-08T13:21:52","slug":"kursbeschreibung-tuschemalerei","status":"publish","type":"page","link":"http:\/\/su-kyoung-yu.de\/?page_id=2333","title":{"rendered":"Kursbeschreibung: Tuschemalerei"},"content":{"rendered":"<p><strong>Tuschemalerei (Su Muk Wha \uc218\ubb35\ud654)<\/strong><\/p>\n<p>Die koreanische Bezeichnung setzt sich aus den Worten \u201eschwarze Tusche\u201c (Su Muk \uc218\ubb35) und Bild (Wha \ud654) zusammen. Su Muk ist also die fern\u00f6stliche Kunstform, in der man sich der Technik schwarzer Tonabstufungen (vom tiefsten Schwarz zum hellsten Grau) mit wenigen Pinselstrichen bedient. Su-Muk ist eine Art von Meditation, w\u00e4hrend man den harten Tuscheblock (Reibetusche) mit Wasser auf dem kleinem Reibstein reibt. Um die schwarze dickfl\u00fcssige Tusche zu gewinnen, mu\u00df man sich konzentrieren: denn bereits beim Reiben der Tusche auf dem Reibstein ist es durch die gleichm\u00e4ssige Bewegung m\u00f6glich, sich von den Gedanken des Alltags zu l\u00f6sen und sich innnerlich auf das Malen vorzubereiten. Das Malen wird durch eine Atemtechnik begleitet. Jahrelange \u00dcbung ist wichtig, bis man in der Lage ist den Pinsel souver\u00e4n nach eigenem Willen zu f\u00fchren. Um den Su-Muk zu gen\u00fcgen, mu\u00df das Bild einem lebendigen Wesen gleichen: es mu\u00df die Kraft haben, die Herzen der Menschen unmittelbar anzur\u00fchren.<\/p>\n<p>Der Schaffensvorgang ist der der geistig-bildlichen Erkenntnis: auf alle inneren und \u00e4u\u00dferen Impulse unserer augenblicklichen Verfassung zu achten.<\/p>\n<p>Wir werden unbefangen zun\u00e4chst Striche, Punkte und Fl\u00e4chen auf das Papier bringen, unmittelbare Anschauungen und Ideen werden uns zu konkreten Motiven f\u00fchren.<\/p>\n<ol>\n<li>Einf\u00fchrung in Malmaterial und Techniken: durch K\u00f6rperbewegung, Atemtechnik und Konzentration: Sanfte, kraftvolle Energie flie\u00dfen lassen.<\/li>\n<li>Durch Pinself\u00fchrung inneren Gehalt, Wesen zum Ausdruck bringen.<\/li>\n<li>Tonabstufungen\/f\u00fcnf Farben erzeugen.<\/li>\n<li>Formgestaltung durch \u00c4ndern des Pinseldrucks.<\/li>\n<li>Sparsame Mittel der Umsetzung, Bildkomposition, den wei\u00dfen Raum, Leere verstehen.<\/li>\n<li>Anschlie\u00dfend eine eigene Geschichte erfinden und zeichnerisch umsetzen: Figuren, Pflanzen, fiktive Motive oder lineare, abstrakte Formen<\/li>\n<\/ol>\n<p>Su Muk Wha bereichert unsere allt\u00e4gliche Sichtweise.<\/p>\n<p>Kurstage werden am Info-Tag festgelegt,<br \/>\nDer Einstiegskurs umfa\u00dft 6 Tage, jeweils 2 Stunden.<br \/>\nKursteilnehmer werden nach der Anmeldung gruppiert.<br \/>\nDie Teilnehmerzahl ist max. 5 Personen.<\/p>\n","protected":false},"excerpt":{"rendered":"<p>Tuschemalerei (Su Muk Wha \uc218\ubb35\ud654) Die koreanische Bezeichnung setzt sich aus den Worten \u201eschwarze Tusche\u201c (Su Muk \uc218\ubb35) und Bild (Wha \ud654) zusammen. Su Muk ist also die fern\u00f6stliche Kunstform, in der man sich der Technik schwarzer Tonabstufungen (vom tiefsten Schwarz zum hellsten Grau) mit wenigen Pinselstrichen bedient. Su-Muk ist &#8230;<\/p>\n","protected":false},"author":1,"featured_media":0,"parent":2049,"menu_order":15,"comment_status":"closed","ping_status":"closed","template":"","meta":[],"aioseo_notices":[],"_links":{"self":[{"href":"http:\/\/su-kyoung-yu.de\/index.php?rest_route=\/wp\/v2\/pages\/2333"}],"collection":[{"href":"http:\/\/su-kyoung-yu.de\/index.php?rest_route=\/wp\/v2\/pages"}],"about":[{"href":"http:\/\/su-kyoung-yu.de\/index.php?rest_route=\/wp\/v2\/types\/page"}],"author":[{"embeddable":true,"href":"http:\/\/su-kyoung-yu.de\/index.php?rest_route=\/wp\/v2\/users\/1"}],"replies":[{"embeddable":true,"href":"http:\/\/su-kyoung-yu.de\/index.php?rest_route=%2Fwp%2Fv2%2Fcomments&post=2333"}],"version-history":[{"count":2,"href":"http:\/\/su-kyoung-yu.de\/index.php?rest_route=\/wp\/v2\/pages\/2333\/revisions"}],"predecessor-version":[{"id":2336,"href":"http:\/\/su-kyoung-yu.de\/index.php?rest_route=\/wp\/v2\/pages\/2333\/revisions\/2336"}],"up":[{"embeddable":true,"href":"http:\/\/su-kyoung-yu.de\/index.php?rest_route=\/wp\/v2\/pages\/2049"}],"wp:attachment":[{"href":"http:\/\/su-kyoung-yu.de\/index.php?rest_route=%2Fwp%2Fv2%2Fmedia&parent=2333"}],"curies":[{"name":"wp","href":"https:\/\/api.w.org\/{rel}","templated":true}]}}