{"id":2293,"date":"2017-04-27T19:15:45","date_gmt":"2017-04-27T17:15:45","guid":{"rendered":"http:\/\/su-kyoung-yu.de\/?page_id=2293"},"modified":"2017-04-27T19:15:45","modified_gmt":"2017-04-27T17:15:45","slug":"kursbeschreibung-lebensbaum-wunschbaum","status":"publish","type":"page","link":"http:\/\/su-kyoung-yu.de\/?page_id=2293","title":{"rendered":"Kursbeschreibung: Lebensbaum, Wunschbaum"},"content":{"rendered":"<p>In diesem Kurs wird die M\u00f6glichkeit gegeben, Ideen zu ent-wickeln und bei deren Realisierung nicht nur an ein Medium zu denken. Wir werden abstrakte, monochrome* und surrealistische Malweisen und Collagen ausprobieren. (*monochrom: Malen in nur einer Farbrichtung, Ton-in-Ton Malerei)<\/p>\n<p>Das Ziel ist inhaltliche Zusammenh\u00e4nge darzustellen, die eigene Wahrnehmung zu sensibilisieren, Erfahrungen und Erkenntnisse zu dokumentieren, individuelle Einblicke in innere und \u00e4u\u00dfere Lebenswelten zu erhalten und bildnerisch zu vermitteln.<\/p>\n<p>Setze Dich zur Vorbereitung des Kurses  bildnerisch mit dem Thema Lebensbaum &#8211; Wunschbaum auseinander. Wir werden sowohl gegenst\u00e4ndlich als auch in einer abstrakten Komposition arbeiten.<\/p>\n<p>Nat\u00fcrlich bietet das Internet eine Sintflut von Informationen. Grob durchgehen, \u00fcberlegen, und sich f\u00fcr eine Richtung entscheiden. Verliere dich nicht durch zu viel Informieren \u00fcber Yggdrasil (die Weltesche der nordischen Mythologie).<\/p>\n<p>Beim ersten Bild arbeiten wir ausgehend von Schwarzwei\u00df-Fotokopien von eigenen Baumbildern mit oder solchen aus B\u00fcchern (min. zehn Fotokopien, gleiche Abbildungen oder Fotokopien gleicher Abbildungen in verschiedenen Gr\u00f6\u00dfen). Bitte konzentriere Dich beim Fotografieren bzw. Aussuchen der Bilder auf die Verzweigung der Haupt\u00e4ste vom Stamm.<\/p>\n<p>Au\u00dferdem ben\u00f6tigen wir diese Materialien: Acrylfarben, Bleistifte, Bastelkleber, Pinsel, Leinwand oder Malplatte  (ca. 50X70cm), Zeitung, Seidenpapier, alte K\u00fcchent\u00fccher (ohne Muster). <\/p>\n","protected":false},"excerpt":{"rendered":"<p>In diesem Kurs wird die M\u00f6glichkeit gegeben, Ideen zu ent-wickeln und bei deren Realisierung nicht nur an ein Medium zu denken. Wir werden abstrakte, monochrome* und surrealistische Malweisen und Collagen ausprobieren. (*monochrom: Malen in nur einer Farbrichtung, Ton-in-Ton Malerei) Das Ziel ist inhaltliche Zusammenh\u00e4nge darzustellen, die eigene Wahrnehmung zu sensibilisieren, &#8230;<\/p>\n","protected":false},"author":1,"featured_media":0,"parent":2049,"menu_order":14,"comment_status":"closed","ping_status":"closed","template":"","meta":[],"aioseo_notices":[],"_links":{"self":[{"href":"http:\/\/su-kyoung-yu.de\/index.php?rest_route=\/wp\/v2\/pages\/2293"}],"collection":[{"href":"http:\/\/su-kyoung-yu.de\/index.php?rest_route=\/wp\/v2\/pages"}],"about":[{"href":"http:\/\/su-kyoung-yu.de\/index.php?rest_route=\/wp\/v2\/types\/page"}],"author":[{"embeddable":true,"href":"http:\/\/su-kyoung-yu.de\/index.php?rest_route=\/wp\/v2\/users\/1"}],"replies":[{"embeddable":true,"href":"http:\/\/su-kyoung-yu.de\/index.php?rest_route=%2Fwp%2Fv2%2Fcomments&post=2293"}],"version-history":[{"count":1,"href":"http:\/\/su-kyoung-yu.de\/index.php?rest_route=\/wp\/v2\/pages\/2293\/revisions"}],"predecessor-version":[{"id":2294,"href":"http:\/\/su-kyoung-yu.de\/index.php?rest_route=\/wp\/v2\/pages\/2293\/revisions\/2294"}],"up":[{"embeddable":true,"href":"http:\/\/su-kyoung-yu.de\/index.php?rest_route=\/wp\/v2\/pages\/2049"}],"wp:attachment":[{"href":"http:\/\/su-kyoung-yu.de\/index.php?rest_route=%2Fwp%2Fv2%2Fmedia&parent=2293"}],"curies":[{"name":"wp","href":"https:\/\/api.w.org\/{rel}","templated":true}]}}