{"id":2291,"date":"2017-04-27T19:15:05","date_gmt":"2017-04-27T17:15:05","guid":{"rendered":"http:\/\/su-kyoung-yu.de\/?page_id=2291"},"modified":"2017-05-08T15:20:52","modified_gmt":"2017-05-08T13:20:52","slug":"kursbeschreibung-buchillustration","status":"publish","type":"page","link":"http:\/\/su-kyoung-yu.de\/?page_id=2291","title":{"rendered":"Kursbeschreibung: Buchillustration"},"content":{"rendered":"<p>Buchillustration ist eine Gratwanderung zwischen Gebrauchgraphik, pers\u00f6nlicher Leseerfahrung und Kongenialit\u00e4t. Illustrationen k\u00f6nnen einzelne Passagen im Text hervorheben aber auch eine Parallelwelt schaffen, die den Text bereichert. Im Kurs erfahren Sie, wie die gemalte Buchillustration eine neue Dimension neben dem Geschriebenen er\u00f6ffnet. <\/p>\n<p>Zun\u00e4chst werden wir gemeinsam an einem kurzen vorgegebenen Text \u00fcben: Sich erst einmal ganz vom Text l\u00f6sen und freie Skizzen von Figuren, Gegenst\u00e4nden und imagin\u00e4ren Landschaften anfertigen. Dabei lassen Sie Ihrer Phantasie freien Lauf und entwickeln eigene Bildwelten. Die Gelegenheit Ihre Vorstellungen mit den anderen Kursteilnehmern abzugleichen ist spannend und wird Sie inspirieren. <\/p>\n<p>Anschlie\u00dfend beginnen Sie mit Zeichnungen und farbigen Illustrationen zu einem von Ihnen gew\u00e4hlten Text. Eine vorbereitende Skizzenarbeit ist dabei wiederum unerl\u00e4\u00dflich. Erfahrungsgem\u00e4\u00df k\u00f6nnen je nach Format, Vorkenntnissen und Technik wenigstens zwei Passagen ausgew\u00e4hlt und bearbeitet werden. Eine Serie von Illustrationen anzufertigen, erfordert neben kreativem Denken und technischen F\u00e4higkeiten auch ein stilistisches Konzept, da\u00df wom\u00f6glich mit dem literarischen Stil der Vorlage korrespondiert.<\/p>\n","protected":false},"excerpt":{"rendered":"<p>Buchillustration ist eine Gratwanderung zwischen Gebrauchgraphik, pers\u00f6nlicher Leseerfahrung und Kongenialit\u00e4t. Illustrationen k\u00f6nnen einzelne Passagen im Text hervorheben aber auch eine Parallelwelt schaffen, die den Text bereichert. Im Kurs erfahren Sie, wie die gemalte Buchillustration eine neue Dimension neben dem Geschriebenen er\u00f6ffnet. Zun\u00e4chst werden wir gemeinsam an einem kurzen vorgegebenen Text &#8230;<\/p>\n","protected":false},"author":1,"featured_media":0,"parent":2049,"menu_order":13,"comment_status":"closed","ping_status":"closed","template":"","meta":[],"aioseo_notices":[],"_links":{"self":[{"href":"http:\/\/su-kyoung-yu.de\/index.php?rest_route=\/wp\/v2\/pages\/2291"}],"collection":[{"href":"http:\/\/su-kyoung-yu.de\/index.php?rest_route=\/wp\/v2\/pages"}],"about":[{"href":"http:\/\/su-kyoung-yu.de\/index.php?rest_route=\/wp\/v2\/types\/page"}],"author":[{"embeddable":true,"href":"http:\/\/su-kyoung-yu.de\/index.php?rest_route=\/wp\/v2\/users\/1"}],"replies":[{"embeddable":true,"href":"http:\/\/su-kyoung-yu.de\/index.php?rest_route=%2Fwp%2Fv2%2Fcomments&post=2291"}],"version-history":[{"count":3,"href":"http:\/\/su-kyoung-yu.de\/index.php?rest_route=\/wp\/v2\/pages\/2291\/revisions"}],"predecessor-version":[{"id":2331,"href":"http:\/\/su-kyoung-yu.de\/index.php?rest_route=\/wp\/v2\/pages\/2291\/revisions\/2331"}],"up":[{"embeddable":true,"href":"http:\/\/su-kyoung-yu.de\/index.php?rest_route=\/wp\/v2\/pages\/2049"}],"wp:attachment":[{"href":"http:\/\/su-kyoung-yu.de\/index.php?rest_route=%2Fwp%2Fv2%2Fmedia&parent=2291"}],"curies":[{"name":"wp","href":"https:\/\/api.w.org\/{rel}","templated":true}]}}