{"id":2289,"date":"2017-04-27T19:14:00","date_gmt":"2017-04-27T17:14:00","guid":{"rendered":"http:\/\/su-kyoung-yu.de\/?page_id=2289"},"modified":"2017-04-27T19:14:00","modified_gmt":"2017-04-27T17:14:00","slug":"kursbeschreibung-die-zeit","status":"publish","type":"page","link":"http:\/\/su-kyoung-yu.de\/?page_id=2289","title":{"rendered":"Kursbeschreibung: Die Zeit"},"content":{"rendered":"<p>Inhalt des Kurses ist es sich dem Wesen der Zeit k\u00fcnstlerisch zu n\u00e4hern: Zeitgeschichte, Zeitreise, Zeitbild, Spiegel der Zeit, Zeitraum, Bewegung&#8230;<\/p>\n<p>Wir versuchen den Zusammenhang von Zukunft, Gegenwart und Vergangenheit zu konservieren. Mit aus unserer Umwelt gesammelten Materialien komponieren wir Mixed Media Bilder auf Leinw\u00e4nde. Insbesondere nat\u00fcrliche Materialien \u2013 in ihrer Ver\u00e4nderlichkeit \u2013 sind Zeitdokumente, mit denen wir unsere Beziehung zum Thema symbolisieren k\u00f6nnen.<\/p>\n<p>Auch wollen wir versuchen mit Zufall und dynamischen Konzepten, das Thema zu erfassen. Nat\u00fcrliche Prozesse, wie flie\u00dfende Farben, Abklatschen (D\u00e9calcomanie) auf Papier, Stoff oder Leinwand hinterlassen Zeitspuren.<\/p>\n","protected":false},"excerpt":{"rendered":"<p>Inhalt des Kurses ist es sich dem Wesen der Zeit k\u00fcnstlerisch zu n\u00e4hern: Zeitgeschichte, Zeitreise, Zeitbild, Spiegel der Zeit, Zeitraum, Bewegung&#8230; Wir versuchen den Zusammenhang von Zukunft, Gegenwart und Vergangenheit zu konservieren. Mit aus unserer Umwelt gesammelten Materialien komponieren wir Mixed Media Bilder auf Leinw\u00e4nde. Insbesondere nat\u00fcrliche Materialien \u2013 in &#8230;<\/p>\n","protected":false},"author":1,"featured_media":0,"parent":2049,"menu_order":12,"comment_status":"closed","ping_status":"closed","template":"","meta":[],"aioseo_notices":[],"_links":{"self":[{"href":"http:\/\/su-kyoung-yu.de\/index.php?rest_route=\/wp\/v2\/pages\/2289"}],"collection":[{"href":"http:\/\/su-kyoung-yu.de\/index.php?rest_route=\/wp\/v2\/pages"}],"about":[{"href":"http:\/\/su-kyoung-yu.de\/index.php?rest_route=\/wp\/v2\/types\/page"}],"author":[{"embeddable":true,"href":"http:\/\/su-kyoung-yu.de\/index.php?rest_route=\/wp\/v2\/users\/1"}],"replies":[{"embeddable":true,"href":"http:\/\/su-kyoung-yu.de\/index.php?rest_route=%2Fwp%2Fv2%2Fcomments&post=2289"}],"version-history":[{"count":1,"href":"http:\/\/su-kyoung-yu.de\/index.php?rest_route=\/wp\/v2\/pages\/2289\/revisions"}],"predecessor-version":[{"id":2290,"href":"http:\/\/su-kyoung-yu.de\/index.php?rest_route=\/wp\/v2\/pages\/2289\/revisions\/2290"}],"up":[{"embeddable":true,"href":"http:\/\/su-kyoung-yu.de\/index.php?rest_route=\/wp\/v2\/pages\/2049"}],"wp:attachment":[{"href":"http:\/\/su-kyoung-yu.de\/index.php?rest_route=%2Fwp%2Fv2%2Fmedia&parent=2289"}],"curies":[{"name":"wp","href":"https:\/\/api.w.org\/{rel}","templated":true}]}}