{"id":2283,"date":"2017-04-27T19:11:37","date_gmt":"2017-04-27T17:11:37","guid":{"rendered":"http:\/\/su-kyoung-yu.de\/?page_id=2283"},"modified":"2017-04-27T19:12:21","modified_gmt":"2017-04-27T17:12:21","slug":"kursbeschreibung-metamorphose","status":"publish","type":"page","link":"http:\/\/su-kyoung-yu.de\/?page_id=2283","title":{"rendered":"Kursbeschreibung: Metamorphose"},"content":{"rendered":"<p>Metamorphose (griech.-lat. = Umgestaltung, Verwandlung) bedeutet in der bildenden Kunst bildhaft-symbolische Verwandlung bzw. Umgestaltung.<\/p>\n<p>Goethe sagt \u201eAlles im Leben ist Metamorphosen.\u201c Die Formen der lebendigen Natur sind in Bewegung und Verwandlung. In dem Verwandeln, im Werden und Vergehen der \u00e4u\u00dferen Naturform sind Kr\u00e4fte t\u00e4tig, die durch ein willentliches und f\u00fchlendes Miterleben zum Bewusstsein gebracht werden k\u00f6nnen.<br \/>\nJe mehr wir durch ein bewegliches, dynamisches Empfinden mit der Formverwandlung Eins werden, um so mehr entwickelt sich ein Verstehen der inneren Gesetzm\u00e4\u00dfigkeit der Verwandlung.<br \/>\nDas Metamorphoseprinzip als qualitative Umwandlung wird in der Kunst nicht nur f\u00fcr Stil und Gestaltgebung gefordert, sondern geht, im Sinne Goethes, immer mit Erkenntnisfortschritten einher: den kontinuierlichen Prozesses von Metamorphosen zu begreifen und umzusetzen. Goethe f\u00fchrt mit Schiller ein Gespr\u00e4ch: \u201cUrpflanze ist eine Idee. Das kann mir nur lieb sein, dass ich Ideen habe, ohne es zu wissen und sie sogar mit Augen sehe.\u201c<\/p>\n<p><strong>Erster Arbeitsversuch:<\/strong> Einen Gegenstand in einen anderen transformieren. Wir verwandeln das Reale in eine surreale Szene, so wie z.B. Arcimboldo, Magritte, Dali.<br \/>\nCollagetechnik, Acrylmalerei oder Aquarell.<\/p>\n<p><strong>Zweiter Arbeitsversuch:<\/strong> Metamorphose der Linien und der Fl\u00e4chen, die aus Linien entstehen &#8211; die Linie ist es, die eine Zeichnung durch ihre Wandelbarkeit interessant macht: dick oder d\u00fcnn, rau oder glatt, lang oder kurz, gerade oder gekr\u00fcmmt, parallel oder taktisch zerlegt, wild oder beherrscht, so wie z.B. M.C. Escher.<br \/>\nStift- oder Tuschezeichnung auf Papier.<\/p>\n<p><strong>Dritter Arbeitsversuch:<\/strong> Das eigentlich aleatorische (zuf\u00e4llige) Ausgangsmaterial wird gedeutet, auf gestalterische Eingriffsm\u00f6glichkeiten untersucht. Erste assoziative Deutungen werden mit malerischen und zeichnerischen Mitteln ausgeformt und hervorgehoben. Die zuf\u00e4lligen Effekte auf dem Papier oder der Leinwand stellen demnach den Ausgangspunkt, aber auch die Kernformen der sp\u00e4ter ausgef\u00fchrten Zeichnungen und Malereien dar.<br \/>\nDekonstruktion mit Drip painting (tropfend), Frottage (abreiben) oder Decalcomanie.<\/p>\n","protected":false},"excerpt":{"rendered":"<p>Metamorphose (griech.-lat. = Umgestaltung, Verwandlung) bedeutet in der bildenden Kunst bildhaft-symbolische Verwandlung bzw. Umgestaltung. Goethe sagt \u201eAlles im Leben ist Metamorphosen.\u201c Die Formen der lebendigen Natur sind in Bewegung und Verwandlung. In dem Verwandeln, im Werden und Vergehen der \u00e4u\u00dferen Naturform sind Kr\u00e4fte t\u00e4tig, die durch ein willentliches und f\u00fchlendes &#8230;<\/p>\n","protected":false},"author":1,"featured_media":0,"parent":2049,"menu_order":11,"comment_status":"closed","ping_status":"closed","template":"","meta":[],"aioseo_notices":[],"_links":{"self":[{"href":"http:\/\/su-kyoung-yu.de\/index.php?rest_route=\/wp\/v2\/pages\/2283"}],"collection":[{"href":"http:\/\/su-kyoung-yu.de\/index.php?rest_route=\/wp\/v2\/pages"}],"about":[{"href":"http:\/\/su-kyoung-yu.de\/index.php?rest_route=\/wp\/v2\/types\/page"}],"author":[{"embeddable":true,"href":"http:\/\/su-kyoung-yu.de\/index.php?rest_route=\/wp\/v2\/users\/1"}],"replies":[{"embeddable":true,"href":"http:\/\/su-kyoung-yu.de\/index.php?rest_route=%2Fwp%2Fv2%2Fcomments&post=2283"}],"version-history":[{"count":2,"href":"http:\/\/su-kyoung-yu.de\/index.php?rest_route=\/wp\/v2\/pages\/2283\/revisions"}],"predecessor-version":[{"id":2286,"href":"http:\/\/su-kyoung-yu.de\/index.php?rest_route=\/wp\/v2\/pages\/2283\/revisions\/2286"}],"up":[{"embeddable":true,"href":"http:\/\/su-kyoung-yu.de\/index.php?rest_route=\/wp\/v2\/pages\/2049"}],"wp:attachment":[{"href":"http:\/\/su-kyoung-yu.de\/index.php?rest_route=%2Fwp%2Fv2%2Fmedia&parent=2283"}],"curies":[{"name":"wp","href":"https:\/\/api.w.org\/{rel}","templated":true}]}}