{"id":2274,"date":"2017-04-27T19:05:53","date_gmt":"2017-04-27T17:05:53","guid":{"rendered":"http:\/\/su-kyoung-yu.de\/?page_id=2274"},"modified":"2017-05-08T15:16:51","modified_gmt":"2017-05-08T13:16:51","slug":"phaenomen","status":"publish","type":"page","link":"http:\/\/su-kyoung-yu.de\/?page_id=2274","title":{"rendered":"Ph\u00e4nomen"},"content":{"rendered":"<p style=\"text-align: center; margin-bottom: 37px; margin-top: -16px\"><em>verfasst von Su-Kyoung Yu und Uli Meyer<\/em><\/p>\n<p><strong>Galerie Trinkkur, Bad Nauheim, 6. bis 28. November 2010<\/strong><\/p>\n<p>Die Gesten unmanipulierter kindlicher Neugier sind mir vertraut. Im Proze\u00df des Malens standen sie am Anfang \u2013 am Ende verschmelzen sie mit den Ph\u00e4nomenen, die diese Kinder entdecken.<\/p>\n<p>So hoffe ich, dass diese Kinder auch dem Betrachter Mut machen, sich auf die nicht mehr im Gegenst\u00e4ndlichen zu fassenden Ph\u00e4nomene urspr\u00fcng-lichen Verstehens einzulassen.<\/p>\n<p>Durch innere Einkehr erkennen wir, wie wichtig es ist, dem eigenen urspr\u00fcnglichen Sein zu vertrauen. Die Erinnerung von Kindheit bleibt und kn\u00fcpft eine feste Verbindung zum Ursprung.<\/p>\n","protected":false},"excerpt":{"rendered":"<p>verfasst von Su-Kyoung Yu und Uli Meyer Galerie Trinkkur, Bad Nauheim, 6. bis 28. November 2010 Die Gesten unmanipulierter kindlicher Neugier sind mir vertraut. Im Proze\u00df des Malens standen sie am Anfang \u2013 am Ende verschmelzen sie mit den Ph\u00e4nomenen, die diese Kinder entdecken. So hoffe ich, dass diese Kinder &#8230;<\/p>\n","protected":false},"author":1,"featured_media":0,"parent":2049,"menu_order":5,"comment_status":"closed","ping_status":"closed","template":"","meta":[],"aioseo_notices":[],"_links":{"self":[{"href":"http:\/\/su-kyoung-yu.de\/index.php?rest_route=\/wp\/v2\/pages\/2274"}],"collection":[{"href":"http:\/\/su-kyoung-yu.de\/index.php?rest_route=\/wp\/v2\/pages"}],"about":[{"href":"http:\/\/su-kyoung-yu.de\/index.php?rest_route=\/wp\/v2\/types\/page"}],"author":[{"embeddable":true,"href":"http:\/\/su-kyoung-yu.de\/index.php?rest_route=\/wp\/v2\/users\/1"}],"replies":[{"embeddable":true,"href":"http:\/\/su-kyoung-yu.de\/index.php?rest_route=%2Fwp%2Fv2%2Fcomments&post=2274"}],"version-history":[{"count":4,"href":"http:\/\/su-kyoung-yu.de\/index.php?rest_route=\/wp\/v2\/pages\/2274\/revisions"}],"predecessor-version":[{"id":2332,"href":"http:\/\/su-kyoung-yu.de\/index.php?rest_route=\/wp\/v2\/pages\/2274\/revisions\/2332"}],"up":[{"embeddable":true,"href":"http:\/\/su-kyoung-yu.de\/index.php?rest_route=\/wp\/v2\/pages\/2049"}],"wp:attachment":[{"href":"http:\/\/su-kyoung-yu.de\/index.php?rest_route=%2Fwp%2Fv2%2Fmedia&parent=2274"}],"curies":[{"name":"wp","href":"https:\/\/api.w.org\/{rel}","templated":true}]}}