{"id":2270,"date":"2017-04-27T19:03:17","date_gmt":"2017-04-27T17:03:17","guid":{"rendered":"http:\/\/su-kyoung-yu.de\/?page_id=2270"},"modified":"2017-04-27T19:07:20","modified_gmt":"2017-04-27T17:07:20","slug":"unsere-zeit","status":"publish","type":"page","link":"http:\/\/su-kyoung-yu.de\/?page_id=2270","title":{"rendered":"Unsere Zeit"},"content":{"rendered":"<p style=\"text-align: center; margin-bottom: 37px; margin-top: -16px\"><em>verfasst von Uli Meyer<\/em><\/p>\n<p><strong>Friedberg, Caf\u00e9 Kaktus, Herbst 2008<\/strong><\/p>\n<p>Ausgangspunkt der elf Werke waren Ausrisse aus der deutschen Wochenzeitung DIE ZEIT. Mit treffenden Mitteln sollten Gef\u00fchle und Gedanken zur Befindlichkeit unserer Zeit zum Ausdruck gebracht werden. Nun verlangen Ver\u00e4nderungen der sozialen Wirklichkeit auch nach neuen Formen und Inhalten k\u00fcnstlerischen Schaffens. Deswegen wurde bei der Realisierung der Arbeiten nicht nur auf bereits bekannte Mittel zur\u00fcckgegriffen. Was an Neuem nach Aus-druck dr\u00e4ngt, musste erst gesucht, gefunden oder erfunden werden.<\/p>\n<p>Bei dieser Suche stand die Auseinandersetzung mit den Vor-g\u00e4ngen im unsichtbaren Innern der Menschen im Vordergrund. Auch eine intensivierte Auseinandersetzung mit dem Schaffensproze\u00df an sich geh\u00f6rte dazu: Ohne ein Gef\u00fchl der Besch\u00e4mung, den eigent-lichen Wert des Menschlichen Daseins zu erkennen. Am Ende steht die Aufforderung \u00fcber den emotionalen und spirituellen Verlust der industriellen Gesellschaft nachzudenken.<\/p>\n","protected":false},"excerpt":{"rendered":"<p>verfasst von Uli Meyer Friedberg, Caf\u00e9 Kaktus, Herbst 2008 Ausgangspunkt der elf Werke waren Ausrisse aus der deutschen Wochenzeitung DIE ZEIT. Mit treffenden Mitteln sollten Gef\u00fchle und Gedanken zur Befindlichkeit unserer Zeit zum Ausdruck gebracht werden. Nun verlangen Ver\u00e4nderungen der sozialen Wirklichkeit auch nach neuen Formen und Inhalten k\u00fcnstlerischen Schaffens. &#8230;<\/p>\n","protected":false},"author":1,"featured_media":0,"parent":2049,"menu_order":4,"comment_status":"closed","ping_status":"closed","template":"","meta":[],"aioseo_notices":[],"_links":{"self":[{"href":"http:\/\/su-kyoung-yu.de\/index.php?rest_route=\/wp\/v2\/pages\/2270"}],"collection":[{"href":"http:\/\/su-kyoung-yu.de\/index.php?rest_route=\/wp\/v2\/pages"}],"about":[{"href":"http:\/\/su-kyoung-yu.de\/index.php?rest_route=\/wp\/v2\/types\/page"}],"author":[{"embeddable":true,"href":"http:\/\/su-kyoung-yu.de\/index.php?rest_route=\/wp\/v2\/users\/1"}],"replies":[{"embeddable":true,"href":"http:\/\/su-kyoung-yu.de\/index.php?rest_route=%2Fwp%2Fv2%2Fcomments&post=2270"}],"version-history":[{"count":3,"href":"http:\/\/su-kyoung-yu.de\/index.php?rest_route=\/wp\/v2\/pages\/2270\/revisions"}],"predecessor-version":[{"id":2278,"href":"http:\/\/su-kyoung-yu.de\/index.php?rest_route=\/wp\/v2\/pages\/2270\/revisions\/2278"}],"up":[{"embeddable":true,"href":"http:\/\/su-kyoung-yu.de\/index.php?rest_route=\/wp\/v2\/pages\/2049"}],"wp:attachment":[{"href":"http:\/\/su-kyoung-yu.de\/index.php?rest_route=%2Fwp%2Fv2%2Fmedia&parent=2270"}],"curies":[{"name":"wp","href":"https:\/\/api.w.org\/{rel}","templated":true}]}}