{"id":2250,"date":"2017-04-27T18:43:35","date_gmt":"2017-04-27T16:43:35","guid":{"rendered":"http:\/\/su-kyoung-yu.de\/?page_id=2250"},"modified":"2017-04-27T18:50:17","modified_gmt":"2017-04-27T16:50:17","slug":"ueber-meine-arbeit","status":"publish","type":"page","link":"http:\/\/su-kyoung-yu.de\/?page_id=2250","title":{"rendered":"\u00dcber meine Arbeit"},"content":{"rendered":"<p style=\"text-align: center; margin-bottom: 37px; margin-top: -16px\"><em>verfasst von Su-Kyoung Yu und Uli Meyer<\/em><\/p>\n<p>Was ist unser urspr\u00fcngliches Selbst? Wie sieht es aus, wenn wir unsere Existenz wiederentdecken w\u00fcrden?<\/p>\n<p>Bereits 1987 setzte ich mich mit dem Thema <strong>Die Wand<\/strong> auseinander.<\/p>\n<p>Ab 1998 <strong>Existenz<\/strong>: Die W\u00e4nde stehen f\u00fcr seelische Mauern, zu \u00fcberwindende H\u00fcrden, von Schicksal und Realit\u00e4t gestellt. Einerseits trennen sie Vergangenheit, Gegenwart und Zukunft, andererseits vereinen sie die Dinge in den entstehenden R\u00e4umen. Die \u00dcberg\u00e4nge an den Grenzschichten sind offen, mit wei\u00dfem Licht und dunkler Leere, die r\u00e4umliche Differenzierung des Ungewissen.<\/p>\n<p>Ab 2002 <strong>Koexistenz<\/strong>: Eine Seele existiert nicht ohne ihre Umgebung. Sie ist Teil ihrer Umwelt, aber auch umgekehrt: Die imagin\u00e4re innere Pr\u00e4senz der \u00e4u\u00dferen Welt. Beides verlangt nach gegenseitiger Akzeptanz, der Koexistenz. Diese logische Fortsetzung des urspr\u00fcnglichen Konzeptes f\u00fchrte mich 2002 zwangsl\u00e4ufig zu einer erweiterten Bildsprache. Manche Details werden vergr\u00f6\u00dfert, ausgedehnt. Strukturen und Charakter durchdringen die Spalten der W\u00e4nde.<\/p>\n<p>Ab 2005 <strong>Reflektion<\/strong>: Schlie\u00dflich versp\u00fcrte ich den Wunsch, den Betrachter ein Teil des Bildes werden zu lassen. Schau mich an, siehst du in mir nicht dich selbst? Das Bild hinter dem Bild entsteht allein durch die Reflektion. Es ist kein Zufall, dass diese vielseitige Serie in einer Phase entstanden ist, in der ich mit meinem eigenen Leben Frieden geschlossen hatte.<\/p>\n<p>Ab 2010 <strong>Ph\u00e4nomen<\/strong>: Ausgehend von der Sehnsucht nach urspr\u00fcnglicher, unbeschwerter kindlicher Neugier und vergessenen Gef\u00fchlen lie\u00df ich seit langem erstmals Figuratives zu. Diese Kinder verschmelzen mit dem Hintergrund, szenische Erinnerungen flie\u00dfen durch einen Raum voll irrealer Erscheinungen. Die Vergangenheit ist nicht in einem Erinnerungsmuseum konserviert, die Erinnerung atmet die Gegenwart, sie bleibt nicht in der Vergangenheit. Scheinbar die Abkehr von meinem strengen Konzept, ist diese Serie die Fortsetzung von Reflektion.<\/p>\n<p>Ab 2013 <strong>Hier und Jetzt<\/strong>: In einem meditativen Schaffensprozess versuche ich zwei buddhistische Prinzipien in Einklang zu bringen: Einerseits Achtsamkeit, also Konstruktion, andererseits Zuf\u00e4lle, alles ist im Wandel, also Dekonstruktion.<\/p>\n<p>Ab 2015 <strong>Auf dem Weg<\/strong>: Die Kinder, die die imagin\u00e4ren Ph\u00e4nomene entdecken, sind nicht mehr nur das Subjekt, durch das der Betrachter das Imagin\u00e4re erf\u00e4hrt. Die Kinder verleihen den toten Gegenst\u00e4nden Stimme, Farbe, Form und Leben. Ein M\u00e4rchen wird erz\u00e4hlt: Ich artikuliere die Dualit\u00e4t von Abstraktion und Figuration neu.<\/p>\n","protected":false},"excerpt":{"rendered":"<p>verfasst von Su-Kyoung Yu und Uli Meyer Was ist unser urspr\u00fcngliches Selbst? Wie sieht es aus, wenn wir unsere Existenz wiederentdecken w\u00fcrden? Bereits 1987 setzte ich mich mit dem Thema Die Wand auseinander. Ab 1998 Existenz: Die W\u00e4nde stehen f\u00fcr seelische Mauern, zu \u00fcberwindende H\u00fcrden, von Schicksal und Realit\u00e4t gestellt. &#8230;<\/p>\n","protected":false},"author":1,"featured_media":0,"parent":2049,"menu_order":1,"comment_status":"closed","ping_status":"closed","template":"","meta":[],"aioseo_notices":[],"_links":{"self":[{"href":"http:\/\/su-kyoung-yu.de\/index.php?rest_route=\/wp\/v2\/pages\/2250"}],"collection":[{"href":"http:\/\/su-kyoung-yu.de\/index.php?rest_route=\/wp\/v2\/pages"}],"about":[{"href":"http:\/\/su-kyoung-yu.de\/index.php?rest_route=\/wp\/v2\/types\/page"}],"author":[{"embeddable":true,"href":"http:\/\/su-kyoung-yu.de\/index.php?rest_route=\/wp\/v2\/users\/1"}],"replies":[{"embeddable":true,"href":"http:\/\/su-kyoung-yu.de\/index.php?rest_route=%2Fwp%2Fv2%2Fcomments&post=2250"}],"version-history":[{"count":11,"href":"http:\/\/su-kyoung-yu.de\/index.php?rest_route=\/wp\/v2\/pages\/2250\/revisions"}],"predecessor-version":[{"id":2262,"href":"http:\/\/su-kyoung-yu.de\/index.php?rest_route=\/wp\/v2\/pages\/2250\/revisions\/2262"}],"up":[{"embeddable":true,"href":"http:\/\/su-kyoung-yu.de\/index.php?rest_route=\/wp\/v2\/pages\/2049"}],"wp:attachment":[{"href":"http:\/\/su-kyoung-yu.de\/index.php?rest_route=%2Fwp%2Fv2%2Fmedia&parent=2250"}],"curies":[{"name":"wp","href":"https:\/\/api.w.org\/{rel}","templated":true}]}}